{"id":858,"date":"2020-04-04T10:56:27","date_gmt":"2020-04-04T13:56:27","guid":{"rendered":"http:\/\/www.omatex.com.br\/?post_type=product&#038;p=858"},"modified":"2020-04-04T11:18:12","modified_gmt":"2020-04-04T14:18:12","slug":"enroladeira-para-tecidos-planos-malha-com-pouca-elasticidade-e-tnt-mod-ome-trv","status":"publish","type":"product","link":"https:\/\/www.omatex.com.br\/index.php\/produto\/enroladeira-para-tecidos-planos-malha-com-pouca-elasticidade-e-tnt-mod-ome-trv\/","title":{"rendered":"Enroladeira para Tecidos Planos, Malha com Pouca Elasticidade e TNT. Mod. Ome-TRV"},"content":{"rendered":"<p><iframe title=\"Enroladeira de Tecidos e Malhas com pouca elasticidade- Mod. Ome-Trv - Omatex M\u00e1quinas T\u00eaxteis\" width=\"640\" height=\"360\" src=\"https:\/\/www.youtube.com\/embed\/yvZSd9VnV2Y?feature=oembed\" frameborder=\"0\" allow=\"accelerometer; autoplay; clipboard-write; encrypted-media; gyroscope; picture-in-picture; web-share\" referrerpolicy=\"strict-origin-when-cross-origin\" allowfullscreen><\/iframe><\/p>\n<figure class=\"wp-block-embed-youtube wp-block-embed is-type-video is-provider-youtube wp-embed-aspect-16-9 wp-has-aspect-ratio\">\n<h1 class=\"wp-block-embed__wrapper\"><span style=\"color: #ffcc00;\">Solicite um or\u00e7amento!<\/span><\/h1>\n<\/figure>\n<p>Preencha os campos abaixo e solicite um or\u00e7amento da ENROLADEIRA MOD. OME-TRV e retornaremos com maiores esclarecimentos.<br \/>\n\n<div class=\"wpcf7 no-js\" id=\"wpcf7-f398-o1\" lang=\"pt-BR\" dir=\"ltr\" data-wpcf7-id=\"398\">\n<div class=\"screen-reader-response\"><p role=\"status\" aria-live=\"polite\" aria-atomic=\"true\"><\/p> <ul><\/ul><\/div>\n<form action=\"\/index.php\/wp-json\/wp\/v2\/product\/858#wpcf7-f398-o1\" method=\"post\" class=\"wpcf7-form init\" aria-label=\"Formul\u00e1rios de contato\" novalidate=\"novalidate\" data-status=\"init\">\n<fieldset class=\"hidden-fields-container\"><input type=\"hidden\" name=\"_wpcf7\" value=\"398\" \/><input type=\"hidden\" name=\"_wpcf7_version\" value=\"6.1.5\" \/><input type=\"hidden\" name=\"_wpcf7_locale\" value=\"pt_BR\" \/><input type=\"hidden\" name=\"_wpcf7_unit_tag\" value=\"wpcf7-f398-o1\" \/><input type=\"hidden\" name=\"_wpcf7_container_post\" value=\"0\" \/><input type=\"hidden\" name=\"_wpcf7_posted_data_hash\" value=\"\" \/>\n<\/fieldset>\n<p>Nome*<br \/>\n<span class=\"wpcf7-form-control-wrap\" data-name=\"your-name\"><input size=\"40\" maxlength=\"400\" class=\"wpcf7-form-control wpcf7-text wpcf7-validates-as-required campo\" aria-required=\"true\" aria-invalid=\"false\" value=\"\" type=\"text\" name=\"your-name\" \/><\/span>\n<\/p>\n<p>Empresa*<br \/>\n<span class=\"wpcf7-form-control-wrap\" data-name=\"empresa\"><input size=\"40\" maxlength=\"400\" class=\"wpcf7-form-control wpcf7-text wpcf7-validates-as-required campo\" aria-required=\"true\" aria-invalid=\"false\" value=\"\" type=\"text\" name=\"empresa\" \/><\/span>\n<\/p>\n<p>E-mail*<br \/>\n<span class=\"wpcf7-form-control-wrap\" data-name=\"your-email\"><input size=\"40\" maxlength=\"400\" class=\"wpcf7-form-control wpcf7-email wpcf7-validates-as-required wpcf7-text wpcf7-validates-as-email campo\" aria-required=\"true\" aria-invalid=\"false\" value=\"\" type=\"email\" name=\"your-email\" \/><\/span>\n<\/p>\n<p>Telefone* (Exemplo: DDD + Telefone (00) 0000-0000)<br \/>\n<span class=\"wpcf7-form-control-wrap\" data-name=\"telefone\"><input size=\"40\" maxlength=\"400\" class=\"wpcf7-form-control wpcf7-tel wpcf7-validates-as-required wpcf7-text wpcf7-validates-as-tel campo\" aria-required=\"true\" aria-invalid=\"false\" placeholder=\"\" value=\"\" type=\"tel\" name=\"telefone\" \/><\/span>\n<\/p>\n<p>Largura do Material*<br \/>\n<span class=\"wpcf7-form-control-wrap\" data-name=\"LarguradoMaterial\"><input size=\"40\" maxlength=\"400\" class=\"wpcf7-form-control wpcf7-text\" aria-invalid=\"false\" value=\"\" type=\"text\" name=\"LarguradoMaterial\" \/><\/span>\n<\/p>\n<p>Tipo de Material*<br \/>\n<span class=\"wpcf7-form-control-wrap\" data-name=\"TipodeMaterial\"><input size=\"40\" maxlength=\"400\" class=\"wpcf7-form-control wpcf7-text\" aria-invalid=\"false\" value=\"\" type=\"text\" name=\"TipodeMaterial\" \/><\/span>\n<\/p>\n<p>Mensagem<br \/>\n<span class=\"wpcf7-form-control-wrap\" data-name=\"your-message\"><textarea cols=\"40\" rows=\"10\" maxlength=\"2000\" class=\"wpcf7-form-control wpcf7-textarea\" aria-invalid=\"false\" name=\"your-message\"><\/textarea><\/span>\n<\/p>\n<p><div id=\"cf7sr-69e74e69ad0f4\" class=\"cf7sr-g-recaptcha\" data-theme=\"light\" data-type=\"image\" data-size=\"normal\" data-sitekey=\"6LcJmMwZAAAAACCAMw1XVfWkeLRVuzbB8FAlgTHp\"><\/div><span class=\"wpcf7-form-control-wrap cf7sr-recaptcha\" data-name=\"cf7sr-recaptcha\"><input type=\"hidden\" name=\"cf7sr-recaptcha\" value=\"\" class=\"wpcf7-form-control\"><\/span>\n<\/p>\n<p><input class=\"wpcf7-form-control wpcf7-submit has-spinner\" type=\"submit\" value=\"Enviar\" \/>\n<\/p><p style=\"display: none !important;\" class=\"akismet-fields-container\" data-prefix=\"_wpcf7_ak_\"><label>&#916;<textarea name=\"_wpcf7_ak_hp_textarea\" cols=\"45\" rows=\"8\" maxlength=\"100\"><\/textarea><\/label><input type=\"hidden\" id=\"ak_js_1\" name=\"_wpcf7_ak_js\" value=\"212\"\/><script>document.getElementById( \"ak_js_1\" ).setAttribute( \"value\", ( new Date() ).getTime() );<\/script><\/p><div class=\"wpcf7-response-output\" aria-hidden=\"true\"><\/div>\n<\/form>\n<\/div>\n<\/p>\n","protected":false},"excerpt":{"rendered":"<p>M\u00e1quina para confer\u00eancia de metragem e divis\u00e3o de rolos para bobinas de metragens menores de tecidos planos, Malhas com pouca elasticidade e TNT (Tecido N\u00e3o Tecido). Ela possui contador de metros eletr\u00f4nico por roda com parada programada, velocidade controlada atrav\u00e9s de potenci\u00f4metro e coxo desenrolador para facilitar o desenrolamento do tecido.<\/p>\n","protected":false},"featured_media":861,"template":"","meta":{"_exactmetrics_skip_tracking":false,"_exactmetrics_sitenote_active":false,"_exactmetrics_sitenote_note":"","_exactmetrics_sitenote_category":0,"_joinchat":[]},"product_brand":[],"product_cat":[366,364],"product_tag":[94,384,250,109,337],"class_list":{"0":"post-858","1":"product","2":"type-product","3":"status-publish","4":"has-post-thumbnail","6":"product_cat-enroladeira-tecidos-planos-malhas","7":"product_cat-maquinas-de-enrolar-tecidos-planos-malhas-papel-tnt","8":"product_tag-enroladeira","9":"product_tag-loja-de-tecidos","10":"product_tag-malha","11":"product_tag-tecido","12":"product_tag-tecido-plano","14":"first","15":"instock","16":"virtual","17":"product-type-simple"},"_links":{"self":[{"href":"https:\/\/www.omatex.com.br\/index.php\/wp-json\/wp\/v2\/product\/858","targetHints":{"allow":["GET"]}}],"collection":[{"href":"https:\/\/www.omatex.com.br\/index.php\/wp-json\/wp\/v2\/product"}],"about":[{"href":"https:\/\/www.omatex.com.br\/index.php\/wp-json\/wp\/v2\/types\/product"}],"wp:featuredmedia":[{"embeddable":true,"href":"https:\/\/www.omatex.com.br\/index.php\/wp-json\/wp\/v2\/media\/861"}],"wp:attachment":[{"href":"https:\/\/www.omatex.com.br\/index.php\/wp-json\/wp\/v2\/media?parent=858"}],"wp:term":[{"taxonomy":"product_brand","embeddable":true,"href":"https:\/\/www.omatex.com.br\/index.php\/wp-json\/wp\/v2\/product_brand?post=858"},{"taxonomy":"product_cat","embeddable":true,"href":"https:\/\/www.omatex.com.br\/index.php\/wp-json\/wp\/v2\/product_cat?post=858"},{"taxonomy":"product_tag","embeddable":true,"href":"https:\/\/www.omatex.com.br\/index.php\/wp-json\/wp\/v2\/product_tag?post=858"}],"curies":[{"name":"wp","href":"https:\/\/api.w.org\/{rel}","templated":true}]}}