{"id":358,"date":"2017-09-11T18:42:27","date_gmt":"2017-09-11T21:42:27","guid":{"rendered":"http:\/\/www.omatex.com.br\/sitenovo\/?post_type=product&#038;p=358"},"modified":"2019-06-18T15:27:33","modified_gmt":"2019-06-18T18:27:33","slug":"revisadeira-para-malha-e-tecido-plano-com-painel-de-revisao-de-500-mm-e-controle-de-tensao-mod-omr-ct1-r","status":"publish","type":"product","link":"https:\/\/www.omatex.com.br\/index.php\/produto\/revisadeira-para-malha-e-tecido-plano-com-painel-de-revisao-de-500-mm-e-controle-de-tensao-mod-omr-ct1-r\/","title":{"rendered":"Revisadeira para Malha e Tecido Plano com Painel de Revis\u00e3o de 500 mm e Controle de Tens\u00e3o. MOD. OMR-CT1-R"},"content":{"rendered":"<p><iframe src=\"https:\/\/www.youtube.com\/embed\/gXnrTUKMLwk\" width=\"560\" height=\"315\" frameborder=\"0\" allowfullscreen=\"allowfullscreen\"><\/iframe><\/p>\n<h1><span style=\"color: #ffc107;\">Solicite um or\u00e7amento<\/span><\/h1>\n<p>Preencha os campos abaixo e solicite um or\u00e7amento da REVISADEIRA MOD. OMR-CT1-R e retornaremos com maiores esclarecimentos.<br \/>\n\n<div class=\"wpcf7 no-js\" id=\"wpcf7-f398-o1\" lang=\"pt-BR\" dir=\"ltr\" data-wpcf7-id=\"398\">\n<div class=\"screen-reader-response\"><p role=\"status\" aria-live=\"polite\" aria-atomic=\"true\"><\/p> <ul><\/ul><\/div>\n<form action=\"\/index.php\/wp-json\/wp\/v2\/product\/358#wpcf7-f398-o1\" method=\"post\" class=\"wpcf7-form init\" aria-label=\"Formul\u00e1rios de contato\" novalidate=\"novalidate\" data-status=\"init\">\n<fieldset class=\"hidden-fields-container\"><input type=\"hidden\" name=\"_wpcf7\" value=\"398\" \/><input type=\"hidden\" name=\"_wpcf7_version\" value=\"6.1.5\" \/><input type=\"hidden\" name=\"_wpcf7_locale\" value=\"pt_BR\" \/><input type=\"hidden\" name=\"_wpcf7_unit_tag\" value=\"wpcf7-f398-o1\" \/><input type=\"hidden\" name=\"_wpcf7_container_post\" value=\"0\" \/><input type=\"hidden\" name=\"_wpcf7_posted_data_hash\" value=\"\" \/>\n<\/fieldset>\n<p>Nome*<br \/>\n<span class=\"wpcf7-form-control-wrap\" data-name=\"your-name\"><input size=\"40\" maxlength=\"400\" class=\"wpcf7-form-control wpcf7-text wpcf7-validates-as-required campo\" aria-required=\"true\" aria-invalid=\"false\" value=\"\" type=\"text\" name=\"your-name\" \/><\/span>\n<\/p>\n<p>Empresa*<br \/>\n<span class=\"wpcf7-form-control-wrap\" data-name=\"empresa\"><input size=\"40\" maxlength=\"400\" class=\"wpcf7-form-control wpcf7-text wpcf7-validates-as-required campo\" aria-required=\"true\" aria-invalid=\"false\" value=\"\" type=\"text\" name=\"empresa\" \/><\/span>\n<\/p>\n<p>E-mail*<br \/>\n<span class=\"wpcf7-form-control-wrap\" data-name=\"your-email\"><input size=\"40\" maxlength=\"400\" class=\"wpcf7-form-control wpcf7-email wpcf7-validates-as-required wpcf7-text wpcf7-validates-as-email campo\" aria-required=\"true\" aria-invalid=\"false\" value=\"\" type=\"email\" name=\"your-email\" \/><\/span>\n<\/p>\n<p>Telefone* (Exemplo: DDD + Telefone (00) 0000-0000)<br \/>\n<span class=\"wpcf7-form-control-wrap\" data-name=\"telefone\"><input size=\"40\" maxlength=\"400\" class=\"wpcf7-form-control wpcf7-tel wpcf7-validates-as-required wpcf7-text wpcf7-validates-as-tel campo\" aria-required=\"true\" aria-invalid=\"false\" placeholder=\"\" value=\"\" type=\"tel\" name=\"telefone\" \/><\/span>\n<\/p>\n<p>Largura do Material*<br \/>\n<span class=\"wpcf7-form-control-wrap\" data-name=\"LarguradoMaterial\"><input size=\"40\" maxlength=\"400\" class=\"wpcf7-form-control wpcf7-text\" aria-invalid=\"false\" value=\"\" type=\"text\" name=\"LarguradoMaterial\" \/><\/span>\n<\/p>\n<p>Tipo de Material*<br \/>\n<span class=\"wpcf7-form-control-wrap\" data-name=\"TipodeMaterial\"><input size=\"40\" maxlength=\"400\" class=\"wpcf7-form-control wpcf7-text\" aria-invalid=\"false\" value=\"\" type=\"text\" name=\"TipodeMaterial\" \/><\/span>\n<\/p>\n<p>Mensagem<br \/>\n<span class=\"wpcf7-form-control-wrap\" data-name=\"your-message\"><textarea cols=\"40\" rows=\"10\" maxlength=\"2000\" class=\"wpcf7-form-control wpcf7-textarea\" aria-invalid=\"false\" name=\"your-message\"><\/textarea><\/span>\n<\/p>\n<p><div id=\"cf7sr-69e6f3a2e1068\" class=\"cf7sr-g-recaptcha\" data-theme=\"light\" data-type=\"image\" data-size=\"normal\" data-sitekey=\"6LcJmMwZAAAAACCAMw1XVfWkeLRVuzbB8FAlgTHp\"><\/div><span class=\"wpcf7-form-control-wrap cf7sr-recaptcha\" data-name=\"cf7sr-recaptcha\"><input type=\"hidden\" name=\"cf7sr-recaptcha\" value=\"\" class=\"wpcf7-form-control\"><\/span>\n<\/p>\n<p><input class=\"wpcf7-form-control wpcf7-submit has-spinner\" type=\"submit\" value=\"Enviar\" \/>\n<\/p><p style=\"display: none !important;\" class=\"akismet-fields-container\" data-prefix=\"_wpcf7_ak_\"><label>&#916;<textarea name=\"_wpcf7_ak_hp_textarea\" cols=\"45\" rows=\"8\" maxlength=\"100\"><\/textarea><\/label><input type=\"hidden\" id=\"ak_js_1\" name=\"_wpcf7_ak_js\" value=\"144\"\/><script>document.getElementById( \"ak_js_1\" ).setAttribute( \"value\", ( new Date() ).getTime() );<\/script><\/p><div class=\"wpcf7-response-output\" aria-hidden=\"true\"><\/div>\n<\/form>\n<\/div>\n<\/p>\n","protected":false},"excerpt":{"rendered":"<p>Revisadeira para malha e tecido plano de rolo para rolo com painel de revis\u00e3o de 500 mm iluminado com l\u00e2mpadas de led, lumin\u00e1ria externa, controlador de tens\u00e3o motorizado e controlado atrav\u00e9s de potenci\u00f4metro com regulagem no enrolamento com mais ou menos tens\u00e3o,\u00a0 contador de metros eletr\u00f4nico por rodas com parada programada, inversor para controle vari\u00e1vel da velocidade, ber\u00e7o desenrolador para bobinas com canudos danificados e suporte de apoio do rolo. Ideal para Malharias, Confec\u00e7\u00f5es e Lojas de Tecidos.<\/p>\n","protected":false},"featured_media":486,"template":"","meta":{"_exactmetrics_skip_tracking":false,"_exactmetrics_sitenote_active":false,"_exactmetrics_sitenote_note":"","_exactmetrics_sitenote_category":0,"_joinchat":[]},"product_brand":[],"product_cat":[370,93],"product_tag":[382,253,336,384,250,383,220,337],"class_list":{"0":"post-358","1":"product","2":"type-product","3":"status-publish","4":"has-post-thumbnail","6":"product_cat-revisadeira-para-malha-com-controle-de-tensao","7":"product_cat-revisadeira-tecidos-planos-e-malhas","8":"product_tag-confeccao","9":"product_tag-controle-de-tensao","10":"product_tag-ct1-r","11":"product_tag-loja-de-tecidos","12":"product_tag-malha","13":"product_tag-malharia","14":"product_tag-revisadeira","15":"product_tag-tecido-plano","17":"first","18":"instock","19":"virtual","20":"product-type-simple"},"_links":{"self":[{"href":"https:\/\/www.omatex.com.br\/index.php\/wp-json\/wp\/v2\/product\/358","targetHints":{"allow":["GET"]}}],"collection":[{"href":"https:\/\/www.omatex.com.br\/index.php\/wp-json\/wp\/v2\/product"}],"about":[{"href":"https:\/\/www.omatex.com.br\/index.php\/wp-json\/wp\/v2\/types\/product"}],"wp:featuredmedia":[{"embeddable":true,"href":"https:\/\/www.omatex.com.br\/index.php\/wp-json\/wp\/v2\/media\/486"}],"wp:attachment":[{"href":"https:\/\/www.omatex.com.br\/index.php\/wp-json\/wp\/v2\/media?parent=358"}],"wp:term":[{"taxonomy":"product_brand","embeddable":true,"href":"https:\/\/www.omatex.com.br\/index.php\/wp-json\/wp\/v2\/product_brand?post=358"},{"taxonomy":"product_cat","embeddable":true,"href":"https:\/\/www.omatex.com.br\/index.php\/wp-json\/wp\/v2\/product_cat?post=358"},{"taxonomy":"product_tag","embeddable":true,"href":"https:\/\/www.omatex.com.br\/index.php\/wp-json\/wp\/v2\/product_tag?post=358"}],"curies":[{"name":"wp","href":"https:\/\/api.w.org\/{rel}","templated":true}]}}