{"id":284,"date":"2017-09-11T11:33:25","date_gmt":"2017-09-11T14:33:25","guid":{"rendered":"http:\/\/www.omatex.com.br\/sitenovo\/?post_type=product&#038;p=284"},"modified":"2020-04-04T10:15:34","modified_gmt":"2020-04-04T13:15:34","slug":"enroladeira-p-metragem-do-papel-mod-ome-tp","status":"publish","type":"product","link":"https:\/\/www.omatex.com.br\/index.php\/produto\/enroladeira-p-metragem-do-papel-mod-ome-tp\/","title":{"rendered":"Enroladeira de Papel Len\u00e7ol Hospitalar. MOD. OME-TP"},"content":{"rendered":"<h1><span style=\"color: #ffc107;\">Solicite um or\u00e7amento!<\/span><\/h1>\n<p>Preencha os campos abaixo e solicite um or\u00e7amento da ENROLADEIRA MOD. OME-TP e retornaremos com maiores esclarecimentos.<br \/>\n\n<div class=\"wpcf7 no-js\" id=\"wpcf7-f398-o1\" lang=\"pt-BR\" dir=\"ltr\" data-wpcf7-id=\"398\">\n<div class=\"screen-reader-response\"><p role=\"status\" aria-live=\"polite\" aria-atomic=\"true\"><\/p> <ul><\/ul><\/div>\n<form action=\"\/index.php\/wp-json\/wp\/v2\/product\/284#wpcf7-f398-o1\" method=\"post\" class=\"wpcf7-form init\" aria-label=\"Formul\u00e1rios de contato\" novalidate=\"novalidate\" data-status=\"init\">\n<fieldset class=\"hidden-fields-container\"><input type=\"hidden\" name=\"_wpcf7\" value=\"398\" \/><input type=\"hidden\" name=\"_wpcf7_version\" value=\"6.1.5\" \/><input type=\"hidden\" name=\"_wpcf7_locale\" value=\"pt_BR\" \/><input type=\"hidden\" name=\"_wpcf7_unit_tag\" value=\"wpcf7-f398-o1\" \/><input type=\"hidden\" name=\"_wpcf7_container_post\" value=\"0\" \/><input type=\"hidden\" name=\"_wpcf7_posted_data_hash\" value=\"\" \/>\n<\/fieldset>\n<p>Nome*<br \/>\n<span class=\"wpcf7-form-control-wrap\" data-name=\"your-name\"><input size=\"40\" maxlength=\"400\" class=\"wpcf7-form-control wpcf7-text wpcf7-validates-as-required campo\" aria-required=\"true\" aria-invalid=\"false\" value=\"\" type=\"text\" name=\"your-name\" \/><\/span>\n<\/p>\n<p>Empresa*<br \/>\n<span class=\"wpcf7-form-control-wrap\" data-name=\"empresa\"><input size=\"40\" maxlength=\"400\" class=\"wpcf7-form-control wpcf7-text wpcf7-validates-as-required campo\" aria-required=\"true\" aria-invalid=\"false\" value=\"\" type=\"text\" name=\"empresa\" \/><\/span>\n<\/p>\n<p>E-mail*<br \/>\n<span class=\"wpcf7-form-control-wrap\" data-name=\"your-email\"><input size=\"40\" maxlength=\"400\" class=\"wpcf7-form-control wpcf7-email wpcf7-validates-as-required wpcf7-text wpcf7-validates-as-email campo\" aria-required=\"true\" aria-invalid=\"false\" value=\"\" type=\"email\" name=\"your-email\" \/><\/span>\n<\/p>\n<p>Telefone* (Exemplo: DDD + Telefone (00) 0000-0000)<br \/>\n<span class=\"wpcf7-form-control-wrap\" data-name=\"telefone\"><input size=\"40\" maxlength=\"400\" class=\"wpcf7-form-control wpcf7-tel wpcf7-validates-as-required wpcf7-text wpcf7-validates-as-tel campo\" aria-required=\"true\" aria-invalid=\"false\" placeholder=\"\" value=\"\" type=\"tel\" name=\"telefone\" \/><\/span>\n<\/p>\n<p>Largura do Material*<br \/>\n<span class=\"wpcf7-form-control-wrap\" data-name=\"LarguradoMaterial\"><input size=\"40\" maxlength=\"400\" class=\"wpcf7-form-control wpcf7-text\" aria-invalid=\"false\" value=\"\" type=\"text\" name=\"LarguradoMaterial\" \/><\/span>\n<\/p>\n<p>Tipo de Material*<br \/>\n<span class=\"wpcf7-form-control-wrap\" data-name=\"TipodeMaterial\"><input size=\"40\" maxlength=\"400\" class=\"wpcf7-form-control wpcf7-text\" aria-invalid=\"false\" value=\"\" type=\"text\" name=\"TipodeMaterial\" \/><\/span>\n<\/p>\n<p>Mensagem<br \/>\n<span class=\"wpcf7-form-control-wrap\" data-name=\"your-message\"><textarea cols=\"40\" rows=\"10\" maxlength=\"2000\" class=\"wpcf7-form-control wpcf7-textarea\" aria-invalid=\"false\" name=\"your-message\"><\/textarea><\/span>\n<\/p>\n<p><div id=\"cf7sr-69e737cfe9308\" class=\"cf7sr-g-recaptcha\" data-theme=\"light\" data-type=\"image\" data-size=\"normal\" data-sitekey=\"6LcJmMwZAAAAACCAMw1XVfWkeLRVuzbB8FAlgTHp\"><\/div><span class=\"wpcf7-form-control-wrap cf7sr-recaptcha\" data-name=\"cf7sr-recaptcha\"><input type=\"hidden\" name=\"cf7sr-recaptcha\" value=\"\" class=\"wpcf7-form-control\"><\/span>\n<\/p>\n<p><input class=\"wpcf7-form-control wpcf7-submit has-spinner\" type=\"submit\" value=\"Enviar\" \/>\n<\/p><p style=\"display: none !important;\" class=\"akismet-fields-container\" data-prefix=\"_wpcf7_ak_\"><label>&#916;<textarea name=\"_wpcf7_ak_hp_textarea\" cols=\"45\" rows=\"8\" maxlength=\"100\"><\/textarea><\/label><input type=\"hidden\" id=\"ak_js_1\" name=\"_wpcf7_ak_js\" value=\"105\"\/><script>document.getElementById( \"ak_js_1\" ).setAttribute( \"value\", ( new Date() ).getTime() );<\/script><\/p><div class=\"wpcf7-response-output\" aria-hidden=\"true\"><\/div>\n<\/form>\n<\/div>\n<\/p>\n","protected":false},"excerpt":{"rendered":"<p>M\u00e1quina para rebobinar bobina jumbo de papel len\u00e7ol hospitalar para bobinas com menores metragens. Suporte para canudos, contador eletr\u00f4nico com parada programada, controle de velocidade atrav\u00e9s de potenci\u00f4metro, suporte de apoio dos rolos rebobinados. M\u00e1quina para largurs do papel de 2100 mm x 50 metros.<\/p>\n","protected":false},"featured_media":280,"template":"","meta":{"_exactmetrics_skip_tracking":false,"_exactmetrics_sitenote_active":false,"_exactmetrics_sitenote_note":"","_exactmetrics_sitenote_category":0,"_joinchat":[]},"product_brand":[],"product_cat":[365,364],"product_tag":[94,187,193,198],"class_list":{"0":"post-284","1":"product","2":"type-product","3":"status-publish","4":"has-post-thumbnail","6":"product_cat-enroladeiras-de-papel-lencol-hospitalar","7":"product_cat-maquinas-de-enrolar-tecidos-planos-malhas-papel-tnt","8":"product_tag-enroladeira","9":"product_tag-metragem","10":"product_tag-mod-ome-tp","11":"product_tag-papel-lencol","13":"first","14":"instock","15":"virtual","16":"product-type-simple"},"_links":{"self":[{"href":"https:\/\/www.omatex.com.br\/index.php\/wp-json\/wp\/v2\/product\/284","targetHints":{"allow":["GET"]}}],"collection":[{"href":"https:\/\/www.omatex.com.br\/index.php\/wp-json\/wp\/v2\/product"}],"about":[{"href":"https:\/\/www.omatex.com.br\/index.php\/wp-json\/wp\/v2\/types\/product"}],"wp:featuredmedia":[{"embeddable":true,"href":"https:\/\/www.omatex.com.br\/index.php\/wp-json\/wp\/v2\/media\/280"}],"wp:attachment":[{"href":"https:\/\/www.omatex.com.br\/index.php\/wp-json\/wp\/v2\/media?parent=284"}],"wp:term":[{"taxonomy":"product_brand","embeddable":true,"href":"https:\/\/www.omatex.com.br\/index.php\/wp-json\/wp\/v2\/product_brand?post=284"},{"taxonomy":"product_cat","embeddable":true,"href":"https:\/\/www.omatex.com.br\/index.php\/wp-json\/wp\/v2\/product_cat?post=284"},{"taxonomy":"product_tag","embeddable":true,"href":"https:\/\/www.omatex.com.br\/index.php\/wp-json\/wp\/v2\/product_tag?post=284"}],"curies":[{"name":"wp","href":"https:\/\/api.w.org\/{rel}","templated":true}]}}