{"id":9,"date":"2017-08-21T10:27:34","date_gmt":"2017-08-21T13:27:34","guid":{"rendered":"http:\/\/www.omatex.com.br\/sitenovo\/?page_id=9"},"modified":"2017-09-25T18:37:07","modified_gmt":"2017-09-25T21:37:07","slug":"sobre","status":"publish","type":"page","link":"https:\/\/www.omatex.com.br\/index.php\/sobre\/","title":{"rendered":"Projetos Especiais"},"content":{"rendered":"<p>Al\u00e9m dos nossa extensa gama de produtos, a Omatex cria projetos de maquin\u00e1rios espec\u00edficos para sua necessidade. Consulte-nos hoje mesmo!<\/p>\n","protected":false},"excerpt":{"rendered":"<p>Al\u00e9m dos nossa extensa gama de produtos, a Omatex cria projetos de maquin\u00e1rios espec\u00edficos para sua necessidade. Consulte-nos hoje mesmo!<\/p>\n","protected":false},"author":1,"featured_media":0,"parent":0,"menu_order":0,"comment_status":"closed","ping_status":"closed","template":"","meta":{"_exactmetrics_skip_tracking":false,"_exactmetrics_sitenote_active":false,"_exactmetrics_sitenote_note":"","_exactmetrics_sitenote_category":0,"_joinchat":[],"footnotes":""},"class_list":["post-9","page","type-page","status-publish","hentry"],"_links":{"self":[{"href":"https:\/\/www.omatex.com.br\/index.php\/wp-json\/wp\/v2\/pages\/9","targetHints":{"allow":["GET"]}}],"collection":[{"href":"https:\/\/www.omatex.com.br\/index.php\/wp-json\/wp\/v2\/pages"}],"about":[{"href":"https:\/\/www.omatex.com.br\/index.php\/wp-json\/wp\/v2\/types\/page"}],"author":[{"embeddable":true,"href":"https:\/\/www.omatex.com.br\/index.php\/wp-json\/wp\/v2\/users\/1"}],"replies":[{"embeddable":true,"href":"https:\/\/www.omatex.com.br\/index.php\/wp-json\/wp\/v2\/comments?post=9"}],"version-history":[{"count":4,"href":"https:\/\/www.omatex.com.br\/index.php\/wp-json\/wp\/v2\/pages\/9\/revisions"}],"predecessor-version":[{"id":397,"href":"https:\/\/www.omatex.com.br\/index.php\/wp-json\/wp\/v2\/pages\/9\/revisions\/397"}],"wp:attachment":[{"href":"https:\/\/www.omatex.com.br\/index.php\/wp-json\/wp\/v2\/media?parent=9"}],"curies":[{"name":"wp","href":"https:\/\/api.w.org\/{rel}","templated":true}]}}