{"id":51,"date":"2017-08-21T12:25:03","date_gmt":"2017-08-21T15:25:03","guid":{"rendered":"http:\/\/www.omatex.com.br\/sitenovo\/?page_id=51"},"modified":"2018-03-26T17:33:00","modified_gmt":"2018-03-26T20:33:00","slug":"quem-somos","status":"publish","type":"page","link":"https:\/\/www.omatex.com.br\/index.php\/quem-somos\/","title":{"rendered":"Quem Somos"},"content":{"rendered":"<p>Omatex Ind\u00fastria e Com\u00e9rcio de M\u00e1quinas T\u00eaxteis Ltda, iniciou suas atividades em Abril de 1990 na cidade de Americana &#8211; SP, como fabricantes de m\u00e1quinas e equipamentos para diversos setores.<\/p>\n<p>Nossa linha de produtos est\u00e1 presente no mercado nacional e internacional nos mais diversos segmentos como: Confec\u00e7\u00f5es, Malharias, Estamparias, Tinturarias, Ind\u00fastria T\u00eaxtil e Estamparia Digital\/Sublima\u00e7\u00e3o. Atua tamb\u00e9m nas empresas no ramo de descart\u00e1veis, pl\u00e1sticos, embalagens, materiais hospitalares, cal\u00e7ados, entre outros.<\/p>\n<p>Qualidade \u00e9 prioridade m\u00e1xima da empresa, sempre buscando atender todas as necessidades dos clientes. Com pre\u00e7o competitivo, nossa empresa \u00e9 reconhecida em todo pa\u00eds, superando as expectativas e atuando com \u00e9tica e responsabilidade.<\/p>\n<p>Omatex possui EFICI\u00caNCIA e AGILIDADE no processo de fabrica\u00e7\u00e3o, o que garante RAPIDEZ e PONTUALIDADE nas entregas dos equipamentos, contribuindo com a satisfa\u00e7\u00e3o do cliente.<br \/>\nA empresa possui pessoal t\u00e9cnico e especializado, que analisa e d\u00e1 assist\u00eancia.<\/p>\n<p>Para maiores informa\u00e7\u00f5es, entre em contato e conhe\u00e7a um pouco mais de nossos produtos e servi\u00e7os.<\/p>\n","protected":false},"excerpt":{"rendered":"<p>Omatex Ind\u00fastria e Com\u00e9rcio de M\u00e1quinas T\u00eaxteis Ltda, iniciou suas atividades em Abril de 1990 na cidade de Americana &#8211; SP, como fabricantes de m\u00e1quinas e equipamentos para diversos setores. Nossa linha de produtos est\u00e1 presente no mercado nacional e internacional nos mais diversos segmentos como: Confec\u00e7\u00f5es, Malharias, Estamparias, Tinturarias, Ind\u00fastria T\u00eaxtil e Estamparia Digital\/Sublima\u00e7\u00e3o. [&hellip;]<\/p>\n","protected":false},"author":1,"featured_media":0,"parent":0,"menu_order":0,"comment_status":"closed","ping_status":"closed","template":"","meta":{"_exactmetrics_skip_tracking":false,"_exactmetrics_sitenote_active":false,"_exactmetrics_sitenote_note":"","_exactmetrics_sitenote_category":0,"_joinchat":[],"footnotes":""},"class_list":["post-51","page","type-page","status-publish","hentry"],"_links":{"self":[{"href":"https:\/\/www.omatex.com.br\/index.php\/wp-json\/wp\/v2\/pages\/51","targetHints":{"allow":["GET"]}}],"collection":[{"href":"https:\/\/www.omatex.com.br\/index.php\/wp-json\/wp\/v2\/pages"}],"about":[{"href":"https:\/\/www.omatex.com.br\/index.php\/wp-json\/wp\/v2\/types\/page"}],"author":[{"embeddable":true,"href":"https:\/\/www.omatex.com.br\/index.php\/wp-json\/wp\/v2\/users\/1"}],"replies":[{"embeddable":true,"href":"https:\/\/www.omatex.com.br\/index.php\/wp-json\/wp\/v2\/comments?post=51"}],"version-history":[{"count":3,"href":"https:\/\/www.omatex.com.br\/index.php\/wp-json\/wp\/v2\/pages\/51\/revisions"}],"predecessor-version":[{"id":426,"href":"https:\/\/www.omatex.com.br\/index.php\/wp-json\/wp\/v2\/pages\/51\/revisions\/426"}],"wp:attachment":[{"href":"https:\/\/www.omatex.com.br\/index.php\/wp-json\/wp\/v2\/media?parent=51"}],"curies":[{"name":"wp","href":"https:\/\/api.w.org\/{rel}","templated":true}]}}