{"id":111,"date":"2017-09-09T08:41:02","date_gmt":"2017-09-09T11:41:02","guid":{"rendered":"http:\/\/www.omatex.com.br\/sitenovo\/?page_id=111"},"modified":"2017-09-09T08:50:48","modified_gmt":"2017-09-09T11:50:48","slug":"cartao-bndes","status":"publish","type":"page","link":"https:\/\/www.omatex.com.br\/index.php\/cartao-bndes\/","title":{"rendered":"Cart\u00e3o BNDES"},"content":{"rendered":"<p>Aceitamos o cart\u00e3o BNDES! Mais uma facilidade e comodidade na hora comprar aquele equipamento que voc\u00ea precisa para investir na sua empresa!<\/p>\n","protected":false},"excerpt":{"rendered":"<p>Aceitamos o cart\u00e3o BNDES! Mais uma facilidade e comodidade na hora comprar aquele equipamento que voc\u00ea precisa para investir na sua empresa!<\/p>\n","protected":false},"author":1,"featured_media":0,"parent":0,"menu_order":0,"comment_status":"closed","ping_status":"closed","template":"","meta":{"_exactmetrics_skip_tracking":false,"_exactmetrics_sitenote_active":false,"_exactmetrics_sitenote_note":"","_exactmetrics_sitenote_category":0,"_joinchat":[],"footnotes":""},"class_list":["post-111","page","type-page","status-publish","hentry"],"_links":{"self":[{"href":"https:\/\/www.omatex.com.br\/index.php\/wp-json\/wp\/v2\/pages\/111","targetHints":{"allow":["GET"]}}],"collection":[{"href":"https:\/\/www.omatex.com.br\/index.php\/wp-json\/wp\/v2\/pages"}],"about":[{"href":"https:\/\/www.omatex.com.br\/index.php\/wp-json\/wp\/v2\/types\/page"}],"author":[{"embeddable":true,"href":"https:\/\/www.omatex.com.br\/index.php\/wp-json\/wp\/v2\/users\/1"}],"replies":[{"embeddable":true,"href":"https:\/\/www.omatex.com.br\/index.php\/wp-json\/wp\/v2\/comments?post=111"}],"version-history":[{"count":3,"href":"https:\/\/www.omatex.com.br\/index.php\/wp-json\/wp\/v2\/pages\/111\/revisions"}],"predecessor-version":[{"id":115,"href":"https:\/\/www.omatex.com.br\/index.php\/wp-json\/wp\/v2\/pages\/111\/revisions\/115"}],"wp:attachment":[{"href":"https:\/\/www.omatex.com.br\/index.php\/wp-json\/wp\/v2\/media?parent=111"}],"curies":[{"name":"wp","href":"https:\/\/api.w.org\/{rel}","templated":true}]}}